{"id":2,"date":"2013-01-23T16:15:15","date_gmt":"2013-01-23T16:15:15","guid":{"rendered":"http:\/\/ambrotipos.es\/wetplate\/\/?page_id=2"},"modified":"2013-05-05T10:51:54","modified_gmt":"2013-05-05T08:51:54","slug":"about","status":"publish","type":"page","link":"http:\/\/ambrotipos.es\/wetplate\/about\/","title":{"rendered":"Contacto"},"content":{"rendered":"<p>En la fotograf\u00eda actual prima la inmediatez, capturar la conjunci\u00f3n de luz, color, composici\u00f3n\u2026 disparar en el instante decisivo de Cartier Bresson con la particularidad de que en ese mismo momento, podemos comprobar si hemos sido capaces de paralizar el tiempo.<\/p>\n<p>&nbsp;<\/p>\n<p><strong>Ambrotipos.es<\/strong>\u00a0se basa en la pausa, en el discurrir de los segundos, en el movimiento imperceptible que transcurre durante los 17 segundos de la toma fotogr\u00e1fica con una t\u00e9cnica de 1851.<\/p>\n<p>&nbsp;<\/p>\n<p>17 segundos en los que la fotograf\u00eda est\u00e1 viva, respira\u2026 los sucesivos instantes decisivos quedan reflejados en una sola captura. El tiempo se queda impregnado en los haluros de plata que se incrustan en el colodi\u00f3n h\u00famedo para guardar un instante de vida.<\/p>\n<p>&nbsp;<\/p>\n<p>Con la t\u00e9cnica del colodi\u00f3n h\u00famedo unido a una c\u00e1mara de fotos de madera de principios del siglo pasado nos adentramos en los principios de la fotograf\u00eda. <\/p>\n<p>&nbsp;<\/p>\n<p>Actualmente realizo fotograf\u00edas sobre placa de cristal o aluminio de dimensiones 13x18cm, pero en breve llegar\u00e9 hasta 40x40cm.<\/p>\n<p>&nbsp;<\/p>\n<p>Si te apetece tener una fotograf\u00eda diferente, ponte en contacto conmigo en <strong>contacto@ambrotipos.es<\/strong><\/p>\n<p>&nbsp;<\/p>\n","protected":false},"excerpt":{"rendered":"<p>En la fotograf\u00eda actual prima la inmediatez, capturar la conjunci\u00f3n de luz, color, composici\u00f3n\u2026 disparar en el instante decisivo de Cartier Bresson con la particularidad de que en ese mismo momento, podemos comprobar si hemos sido capaces de paralizar el tiempo. &nbsp; Ambrotipos.es\u00a0se basa en la pausa, en el discurrir de los segundos, en el movimiento imperceptible que transcurre durante los 17 segundos de la toma fotogr\u00e1fica con una t\u00e9cnica de 1851. &nbsp; 17 segundos en los que la fotograf\u00eda est\u00e1 viva, respira\u2026 los sucesivos instantes decisivos quedan reflejados en una sola captura. El tiempo se queda impregnado en los haluros de plata que se incrustan en el colodi\u00f3n h\u00famedo para guardar un instante de vida. &nbsp; Con la t\u00e9cnica del colodi\u00f3n h\u00famedo unido a una c\u00e1mara de fotos de madera de principios del siglo pasado nos adentramos en los principios de la fotograf\u00eda. &nbsp; Actualmente realizo fotograf\u00edas sobre placa [&hellip;]<\/p>\n","protected":false},"author":1,"featured_media":0,"parent":0,"menu_order":0,"comment_status":"open","ping_status":"open","template":"","meta":[],"_links":{"self":[{"href":"http:\/\/ambrotipos.es\/wetplate\/wp-json\/wp\/v2\/pages\/2"}],"collection":[{"href":"http:\/\/ambrotipos.es\/wetplate\/wp-json\/wp\/v2\/pages"}],"about":[{"href":"http:\/\/ambrotipos.es\/wetplate\/wp-json\/wp\/v2\/types\/page"}],"author":[{"embeddable":true,"href":"http:\/\/ambrotipos.es\/wetplate\/wp-json\/wp\/v2\/users\/1"}],"replies":[{"embeddable":true,"href":"http:\/\/ambrotipos.es\/wetplate\/wp-json\/wp\/v2\/comments?post=2"}],"version-history":[{"count":10,"href":"http:\/\/ambrotipos.es\/wetplate\/wp-json\/wp\/v2\/pages\/2\/revisions"}],"predecessor-version":[{"id":1214,"href":"http:\/\/ambrotipos.es\/wetplate\/wp-json\/wp\/v2\/pages\/2\/revisions\/1214"}],"wp:attachment":[{"href":"http:\/\/ambrotipos.es\/wetplate\/wp-json\/wp\/v2\/media?parent=2"}],"curies":[{"name":"wp","href":"https:\/\/api.w.org\/{rel}","templated":true}]}}